{"id":25,"date":"2022-07-07T16:24:30","date_gmt":"2022-07-07T14:24:30","guid":{"rendered":"http:\/\/dein-holzhandwerker.de\/?page_id=25"},"modified":"2023-01-06T16:40:01","modified_gmt":"2023-01-06T15:40:01","slug":"portfolio","status":"publish","type":"page","link":"https:\/\/dein-holzhandwerker.de\/index.php\/portfolio\/","title":{"rendered":"Portfolio"},"content":{"rendered":"\n<div class=\"wp-block-columns is-layout-flex wp-container-core-columns-is-layout-9d6595d7 wp-block-columns-is-layout-flex\">\n<div class=\"wp-block-column is-layout-flow wp-block-column-is-layout-flow\" style=\"flex-basis:200%\"><\/div>\n<\/div>\n\n\n\n<figure class=\"wp-block-table\" style=\"font-size:20px\"><table class=\"has-fixed-layout\"><tbody><tr><td><strong>Fachwerk<\/strong><\/td><td class=\"has-text-align-center\" data-align=\"center\"><strong>Gefache<\/strong><\/td><td><strong>Vorher \/ Nachher<\/strong><\/td><\/tr><tr><td><img loading=\"lazy\" decoding=\"async\" width=\"150\" height=\"200\" class=\"wp-image-64\" style=\"width: 150px;\" src=\"http:\/\/dein-holzhandwerker.de\/wp-content\/uploads\/2022\/08\/IMG_2025-e1673018330123.jpg\" alt=\"Fachwerk Frankfurt\" srcset=\"https:\/\/dein-holzhandwerker.de\/wp-content\/uploads\/2022\/08\/IMG_2025-e1673018330123.jpg 300w, https:\/\/dein-holzhandwerker.de\/wp-content\/uploads\/2022\/08\/IMG_2025-e1673018330123-225x300.jpg 225w\" sizes=\"auto, (max-width: 150px) 100vw, 150px\" \/><\/td><td class=\"has-text-align-center\" data-align=\"center\"><img loading=\"lazy\" decoding=\"async\" width=\"150\" height=\"276\" class=\"wp-image-62\" style=\"width: 150px;\" src=\"http:\/\/dein-holzhandwerker.de\/wp-content\/uploads\/2022\/08\/20220324_143513_HDR-e1673018409744.jpg\" alt=\"\" srcset=\"https:\/\/dein-holzhandwerker.de\/wp-content\/uploads\/2022\/08\/20220324_143513_HDR-e1673018409744.jpg 217w, https:\/\/dein-holzhandwerker.de\/wp-content\/uploads\/2022\/08\/20220324_143513_HDR-e1673018409744-163x300.jpg 163w\" sizes=\"auto, (max-width: 150px) 100vw, 150px\" \/><\/td><td>\n        \t\n\t<style>\n\t\t.slider-info-57.bafg-slider-info .bafg-slider-title {\n\t\t\t\t\t\tfont-size: 22px;\n\t\t\t\t\t\t\n\t\t\t\n\t\t\t\t\t}\n\n\t\t.slider-info-57.bafg-slider-info .bafg-slider-description {\n\t\t\t\n\t\t\t\n\t\t\t\t\t}\n\n\t\t.slider-info-57.bafg-slider-info .bafg_slider_readmore_button {\n\t\t\t\n\t\t\t\n\t\t\t\n\t\t\t\n\t\t\t\n\t\t\ttext-align: center;\n\n\t\t\t\n\t\t\t\n\t\t\t\n\t\t\t\n\t\t\t\n\t\t\t\n\t\t\t\t\t}\n\n\t\t.slider-info-57.bafg-slider-info .bafg_slider_readmore_button:hover {\n\n\t\t\t\n\t\t\t\n\t\t\t\t\t}\n\n\t<\/style>\n\t\n        <div class=\"bafg-twentytwenty-container slider-57 \" bafg-orientation=\"horizontal\" bafg-default-offset=\"0.5\" bafg-before-label=\"Before\" bafg-after-label=\"After\" bafg-overlay=\"yes\" bafg-move-slider-on-hover=\"no\" bafg-click-to-move=\"no\">\n        \n            <img decoding=\"async\" class=\"skip-lazy\" data-skip-lazy src=\"http:\/\/dein-holzhandwerker.de\/wp-content\/uploads\/2022\/08\/V-N1.png\" alt=\"\">\n            <img decoding=\"async\" class=\"skip-lazy\" data-skip-lazy src=\"http:\/\/dein-holzhandwerker.de\/wp-content\/uploads\/2022\/08\/V-N2.png\" alt=\"\">\n            \n        <\/div>\n\n        \t<div class=\"bafg-slider-info-wraper\">\n\t\t<div style=\"\" class=\"slider-info-57 bafg-slider-info\">\n\t\t\t\t\t<\/div>\n\t<\/div>\n\t\n        <style>\n            \n        <\/style>\n        <\/td><\/tr><tr><td>Fachwerk als Neubau oder in der Sanierung f\u00fcr H\u00e4user, Carports, Garagen oder Lagerhallen<\/td><td class=\"has-text-align-center\" data-align=\"center\">Das Fachm\u00e4nnische Auskleiden einer Fachwerkstruktur mit Steinen oder Lehm.<\/td><td>Hier zur Ansicht einige unserer Arbeiten bevor wir Hand angelegt haben und danach.<\/td><\/tr><tr><td><div class=\"wp-block-buttons\"><div class=\"wp-block-buttons\"><a class=\"wp-block-button__link\" href=\"http:\/\/dein-holzhandwerker.de\/index.php\/fachwerk\/\">Mehr ERfahren<\/a> <\/div><\/div><\/td><td class=\"has-text-align-center\" data-align=\"center\"><div class=\"wp-block-button\"><a class=\"wp-block-button__link\" href=\"http:\/\/dein-holzhandwerker.de\/index.php\/gefache\/\">Mehr erfahren<\/a><\/div><div class=\"wp-block-buttons\"><\/div><\/td><td><div class=\"wp-block-buttons\"><div class=\"wp-block-button\"><a class=\"wp-block-button__link\" href=\"http:\/\/dein-holzhandwerker.de\/index.php\/vorher-nachher\/\">mehr erfahren<\/a><\/div> <\/div><\/td><\/tr><\/tbody><\/table><\/figure>\n","protected":false},"excerpt":{"rendered":"<p>Fachwerk Gefache Vorher \/ Nachher Fachwerk als Neubau oder in der Sanierung f\u00fcr H\u00e4user, Carports, Garagen oder Lagerhallen Das Fachm\u00e4nnische Auskleiden einer Fachwerkstruktur mit Steinen oder Lehm. Hier zur Ansicht einige unserer Arbeiten bevor wir Hand angelegt haben und danach. Mehr ERfahren Mehr erfahren mehr erfahren<\/p>\n","protected":false},"author":1,"featured_media":0,"parent":0,"menu_order":0,"comment_status":"closed","ping_status":"closed","template":"","meta":{"footnotes":""},"class_list":["post-25","page","type-page","status-publish","hentry"],"_links":{"self":[{"href":"https:\/\/dein-holzhandwerker.de\/index.php\/wp-json\/wp\/v2\/pages\/25","targetHints":{"allow":["GET"]}}],"collection":[{"href":"https:\/\/dein-holzhandwerker.de\/index.php\/wp-json\/wp\/v2\/pages"}],"about":[{"href":"https:\/\/dein-holzhandwerker.de\/index.php\/wp-json\/wp\/v2\/types\/page"}],"author":[{"embeddable":true,"href":"https:\/\/dein-holzhandwerker.de\/index.php\/wp-json\/wp\/v2\/users\/1"}],"replies":[{"embeddable":true,"href":"https:\/\/dein-holzhandwerker.de\/index.php\/wp-json\/wp\/v2\/comments?post=25"}],"version-history":[{"count":40,"href":"https:\/\/dein-holzhandwerker.de\/index.php\/wp-json\/wp\/v2\/pages\/25\/revisions"}],"predecessor-version":[{"id":207,"href":"https:\/\/dein-holzhandwerker.de\/index.php\/wp-json\/wp\/v2\/pages\/25\/revisions\/207"}],"wp:attachment":[{"href":"https:\/\/dein-holzhandwerker.de\/index.php\/wp-json\/wp\/v2\/media?parent=25"}],"curies":[{"name":"wp","href":"https:\/\/api.w.org\/{rel}","templated":true}]}}