{"id":153,"date":"2023-01-06T12:41:52","date_gmt":"2023-01-06T11:41:52","guid":{"rendered":"http:\/\/dein-holzhandwerker.de\/?page_id=153"},"modified":"2023-01-06T18:56:44","modified_gmt":"2023-01-06T17:56:44","slug":"fachwerk","status":"publish","type":"page","link":"http:\/\/dein-holzhandwerker.de\/index.php\/fachwerk\/","title":{"rendered":"Fachwerk"},"content":{"rendered":"\n<p>Garagen, Carports oder ganze H\u00e4\u00fcser k\u00f6nnen als Fachwerk Konstruktion errichtet werden.<\/p>\n\n\n\n<p>Die Reparatur von bestehenden auch historischen Fachwerk Konstruktionen stellt f\u00fcr uns kein Problem dar. Hierbei arbeiten wir gern auch nachhaltig mit historischen Materialien.<\/p>\n\n\n\n<p>Eine der h\u00e4ufigsten Arbeiten in der Sanierung ist der Austausch von Schwellen oder St\u00e4ndern.<\/p>\n","protected":false},"excerpt":{"rendered":"<p>Garagen, Carports oder ganze H\u00e4\u00fcser k\u00f6nnen als Fachwerk Konstruktion errichtet werden. Die Reparatur von bestehenden auch historischen Fachwerk Konstruktionen stellt f\u00fcr uns kein Problem dar. Hierbei arbeiten wir gern auch nachhaltig mit historischen Materialien. Eine der h\u00e4ufigsten Arbeiten in der Sanierung ist der Austausch von Schwellen oder St\u00e4ndern.<\/p>\n","protected":false},"author":1,"featured_media":0,"parent":0,"menu_order":0,"comment_status":"closed","ping_status":"closed","template":"","meta":{"footnotes":""},"class_list":["post-153","page","type-page","status-publish","hentry"],"_links":{"self":[{"href":"http:\/\/dein-holzhandwerker.de\/index.php\/wp-json\/wp\/v2\/pages\/153","targetHints":{"allow":["GET"]}}],"collection":[{"href":"http:\/\/dein-holzhandwerker.de\/index.php\/wp-json\/wp\/v2\/pages"}],"about":[{"href":"http:\/\/dein-holzhandwerker.de\/index.php\/wp-json\/wp\/v2\/types\/page"}],"author":[{"embeddable":true,"href":"http:\/\/dein-holzhandwerker.de\/index.php\/wp-json\/wp\/v2\/users\/1"}],"replies":[{"embeddable":true,"href":"http:\/\/dein-holzhandwerker.de\/index.php\/wp-json\/wp\/v2\/comments?post=153"}],"version-history":[{"count":3,"href":"http:\/\/dein-holzhandwerker.de\/index.php\/wp-json\/wp\/v2\/pages\/153\/revisions"}],"predecessor-version":[{"id":212,"href":"http:\/\/dein-holzhandwerker.de\/index.php\/wp-json\/wp\/v2\/pages\/153\/revisions\/212"}],"wp:attachment":[{"href":"http:\/\/dein-holzhandwerker.de\/index.php\/wp-json\/wp\/v2\/media?parent=153"}],"curies":[{"name":"wp","href":"https:\/\/api.w.org\/{rel}","templated":true}]}}